{"id":28,"date":"2025-06-28T11:36:18","date_gmt":"2025-06-28T11:36:18","guid":{"rendered":"https:\/\/dortyolkureegitim.com\/?page_id=28"},"modified":"2025-06-28T11:36:18","modified_gmt":"2025-06-28T11:36:18","slug":"hakkimizda","status":"publish","type":"page","link":"https:\/\/dortyolkureegitim.com\/index.php\/hakkimizda\/","title":{"rendered":"HAKKIMIZDA"},"content":{"rendered":"\n<h3 class=\"wp-block-heading\">\ud83c\udfeb Kurumumuz Hakk\u0131nda<\/h3>\n\n\n\n<p>D\u00f6rtyol K\u00fcre E\u011fitim Kurumlar\u0131, t\u00fcm e\u011fitim kademelerinde bireye \u00f6zel yakla\u015f\u0131m ve akademik disiplin anlay\u0131\u015f\u0131yla hareket eder. \u00c7ocuklar\u0131m\u0131z\u0131n akademik, sosyal ve duygusal geli\u015fimini dengeli \u015fekilde desteklemek temel hedefimizdir. \u201cGelece\u011fin liderleri k\u00fcre i\u00e7inde yeti\u015fir\u201d vizyonuyla yola \u00e7\u0131karak D\u00f6rtyol&#8217;da e\u011fitimde fark yarat\u0131yoruz.<\/p>\n\n\n\n<h3 class=\"wp-block-heading\">\ud83c\udf93 Anaokulu B\u00f6l\u00fcm\u00fc<\/h3>\n\n\n\n<p>D\u00f6rtyol K\u00fcre Anaokulu; s\u0131cak, sevgi dolu ve g\u00fcvenli ortam\u0131yla k\u00fc\u00e7\u00fck ya\u015fta ilk ad\u0131mlar\u0131n\u0131 atan \u00e7ocuklara; oyunla \u00f6\u011frenme temelli, \u00f6z bak\u0131m ve sosyal beceriler geli\u015fimine odaklanan bir e\u011fitim sunar. Minik \u00f6\u011frencilerimiz; yarat\u0131c\u0131 drama, sanat, m\u00fczik, bah\u00e7e etkinlikleri ve bili\u015fsel geli\u015fim destekli m\u00fcfredatla ke\u015ffetmeye davet edilir.<\/p>\n\n\n\n<h3 class=\"wp-block-heading\">\ud83d\udcd8 \u00dcniversiteye Haz\u0131rl\u0131k Kurslar\u0131<\/h3>\n\n\n\n<p>Lise sonras\u0131 hedeflerinize ula\u015fman\u0131z i\u00e7in tasarlanm\u0131\u015f \u00fcniversite haz\u0131rl\u0131k programlar\u0131m\u0131z; alan\u0131nda uzman \u00f6\u011fretmen kadromuz e\u015fli\u011finde YKS\u2019nin Say\u0131sal, S\u00f6zel, E\u015fit A\u011f\u0131rl\u0131k ve Yabanc\u0131 Dil oturumlar\u0131na y\u00f6nelik zengin i\u00e7erik, birebir dan\u0131\u015fmanl\u0131k ve motivasyon at\u00f6lyeleriyle desteklenir. S\u0131nav ba\u015far\u0131 stratejileri, deneme s\u0131navlar\u0131 ve periyodik takip sistemiyle \u00fcniversite hayalinizi ger\u00e7e\u011fe d\u00f6n\u00fc\u015ft\u00fcr\u00fcyoruz<\/p>\n\n\n\n<p><\/p>\n","protected":false},"excerpt":{"rendered":"<p>\ud83c\udfeb Kurumumuz Hakk\u0131nda D\u00f6rtyol K\u00fcre E\u011fitim Kurumlar\u0131, t\u00fcm e\u011fitim kademelerinde bireye \u00f6zel yakla\u015f\u0131m ve akademik disiplin anlay\u0131\u015f\u0131yla hareket eder. \u00c7ocuklar\u0131m\u0131z\u0131n akademik, sosyal ve duygusal geli\u015fimini dengeli \u015fekilde desteklemek temel hedefimizdir. \u201cGelece\u011fin liderleri k\u00fcre i\u00e7inde yeti\u015fir\u201d vizyonuyla yola \u00e7\u0131karak D\u00f6rtyol&#8217;da e\u011fitimde fark yarat\u0131yoruz. \ud83c\udf93 Anaokulu B\u00f6l\u00fcm\u00fc D\u00f6rtyol K\u00fcre Anaokulu; s\u0131cak, sevgi dolu ve g\u00fcvenli ortam\u0131yla k\u00fc\u00e7\u00fck [&hellip;]<\/p>\n","protected":false},"author":1,"featured_media":0,"parent":0,"menu_order":0,"comment_status":"closed","ping_status":"closed","template":"","meta":{"footnotes":""},"class_list":["post-28","page","type-page","status-publish","hentry"],"_links":{"self":[{"href":"https:\/\/dortyolkureegitim.com\/index.php\/wp-json\/wp\/v2\/pages\/28","targetHints":{"allow":["GET"]}}],"collection":[{"href":"https:\/\/dortyolkureegitim.com\/index.php\/wp-json\/wp\/v2\/pages"}],"about":[{"href":"https:\/\/dortyolkureegitim.com\/index.php\/wp-json\/wp\/v2\/types\/page"}],"author":[{"embeddable":true,"href":"https:\/\/dortyolkureegitim.com\/index.php\/wp-json\/wp\/v2\/users\/1"}],"replies":[{"embeddable":true,"href":"https:\/\/dortyolkureegitim.com\/index.php\/wp-json\/wp\/v2\/comments?post=28"}],"version-history":[{"count":1,"href":"https:\/\/dortyolkureegitim.com\/index.php\/wp-json\/wp\/v2\/pages\/28\/revisions"}],"predecessor-version":[{"id":29,"href":"https:\/\/dortyolkureegitim.com\/index.php\/wp-json\/wp\/v2\/pages\/28\/revisions\/29"}],"wp:attachment":[{"href":"https:\/\/dortyolkureegitim.com\/index.php\/wp-json\/wp\/v2\/media?parent=28"}],"curies":[{"name":"wp","href":"https:\/\/api.w.org\/{rel}","templated":true}]}}